{"id":2040,"date":"2021-04-07T10:58:45","date_gmt":"2021-04-07T10:58:45","guid":{"rendered":"https:\/\/www.lateterataronja.net\/politica-de-privacidad\/"},"modified":"2026-02-05T15:44:51","modified_gmt":"2026-02-05T15:44:51","slug":"politica-de-privadesa","status":"publish","type":"page","link":"https:\/\/www.lateterataronja.net\/ca\/politica-de-privadesa\/","title":{"rendered":"Pol\u00edtica de privadesa"},"content":{"rendered":"[vc_row type=&#8221;in_container&#8221; full_screen_row_position=&#8221;middle&#8221; column_margin=&#8221;default&#8221; column_direction=&#8221;default&#8221; column_direction_tablet=&#8221;default&#8221; column_direction_phone=&#8221;default&#8221; scene_position=&#8221;center&#8221; text_color=&#8221;dark&#8221; text_align=&#8221;left&#8221; row_border_radius=&#8221;none&#8221; row_border_radius_applies=&#8221;bg&#8221; overflow=&#8221;visible&#8221; overlay_strength=&#8221;0.3&#8243; gradient_direction=&#8221;left_to_right&#8221; shape_divider_position=&#8221;bottom&#8221; bg_image_animation=&#8221;none&#8221;][vc_column column_padding=&#8221;no-extra-padding&#8221; column_padding_tablet=&#8221;inherit&#8221; column_padding_phone=&#8221;inherit&#8221; column_padding_position=&#8221;all&#8221; column_element_direction_desktop=&#8221;default&#8221; column_element_spacing=&#8221;default&#8221; desktop_text_alignment=&#8221;default&#8221; tablet_text_alignment=&#8221;default&#8221; phone_text_alignment=&#8221;default&#8221; background_color_opacity=&#8221;1&#8243; background_hover_color_opacity=&#8221;1&#8243; column_backdrop_filter=&#8221;none&#8221; column_shadow=&#8221;none&#8221; column_border_radius=&#8221;none&#8221; column_link_target=&#8221;_self&#8221; column_position=&#8221;default&#8221; gradient_direction=&#8221;left_to_right&#8221; overlay_strength=&#8221;0.3&#8243; width=&#8221;1\/1&#8243; tablet_width_inherit=&#8221;default&#8221; animation_type=&#8221;default&#8221; bg_image_animation=&#8221;none&#8221; border_type=&#8221;simple&#8221; column_border_width=&#8221;none&#8221; column_border_style=&#8221;solid&#8221;][vc_column_text css=&#8221;&#8221; text_direction=&#8221;default&#8221;]\n<h3>Qui som<\/h3>\n<p>L&#8217;adre\u00e7a del nostre lloc web \u00e9s: http:\/\/lateterataronja.net<\/p>\n<h3>Comentaris<\/h3>\n<p>Quan els visitants deixen comentaris al lloc, recopilem les dades que es mostren al formulari de comentaris i tamb\u00e9 l&#8217;adre\u00e7a IP del visitant i la cadena d&#8217;agent d&#8217;usuari del navegador per ajudar a la detecci\u00f3 de correu brossa.<\/p>\n<p>Es pot proporcionar una cadena anonimitzada creada a partir de la vostra adre\u00e7a de correu electr\u00f2nic (tamb\u00e9 anomenada hash) al servei Gravatar per veure si la utilitza. La pol\u00edtica de privadesa del servei Gravatar est\u00e0 disponible aqu\u00ed: https:\/\/automattic.com\/privacy\/. Despr\u00e9s d&#8217;aprovar el vostre comentari, la vostra imatge de perfil ser\u00e0 visible per al p\u00fablic en el context del vostre comentari.<\/p>\n<h3>Mitjans de comunicaci\u00f3<\/h3>\n<p>Si pengeu imatges al lloc web, heu d&#8217;evitar penjar imatges amb dades d&#8217;ubicaci\u00f3 incrustades (GPS EXIF) incloses. Els visitants del lloc web poden descarregar i extreure qualsevol informaci\u00f3 dubicaci\u00f3 de les imatges del lloc web.<\/p>\n<h3>Cookies<\/h3>\n<p>Si deixeu un comentari al nostre lloc, podeu optar per desar el vostre nom, adre\u00e7a de correu electr\u00f2nic i lloc web a les cookies. Aquests s\u00f3n per a la seva comoditat, de manera que no haur\u00e0 de tornar a emplenar les dades quan deixi un altre comentari. Aquestes galetes duraran un any.<\/p>\n<p>Si visiteu la nostra p\u00e0gina d&#8217;inici de sessi\u00f3, establirem una galeta temporal per determinar si el vostre navegador accepta cookies. Aquesta galeta no cont\u00e9 dades personals i es descarta al tancament del navegador.<\/p>\n<p>Quan inicieu la sessi\u00f3, tamb\u00e9 configurarem diverses galetes per desar la vostra informaci\u00f3 d&#8217;inici de sessi\u00f3 i les seves opcions de visualitzaci\u00f3 de pantalla. Les galetes d&#8217;inici de sessi\u00f3 tenen una durada de dos dies i les opcions de pantalla les d&#8217;un any. Si seleccioneu \u201cRecorda&#8217;m\u201d, el seu inici de sessi\u00f3 continuar\u00e0 durant dues setmanes. Si tanqueu la sessi\u00f3 del compte, s&#8217;eliminaran les galetes d&#8217;inici de sessi\u00f3.<\/p>\n<p>Si editeu o publiqueu un article, es desar\u00e0 una galeta addicional al vostre navegador. Aquesta galeta no inclou dades personals i simplement indica l&#8217;identificador de publicaci\u00f3 de l&#8217;article que acabeu d&#8217;editar. Caduca un dia despr\u00e9s.<\/p>\n<h3>Contingut incrustat d&#8217;altres llocs web<\/h3>\n<p>Els articles d&#8217;aquest lloc web poden incloure contingut incrustat (per exemple, v\u00eddeos, imatges, articles, etc.). El contingut incrustat d&#8217;altres llocs web es comporta exactament de la mateixa manera que si el visitant hagi visitat l&#8217;altre lloc web.<\/p>\n<p>Aquests llocs web poden recopilar dades sobre vost\u00e8, utilitzar cookies, incrustar un seguiment addicional de tercers i supervisar la seva interacci\u00f3 amb aquest contingut incrustat, incl\u00f2s el seguiment de la seva interacci\u00f3 amb el contingut incrustat si teniu un compte i est\u00e0 connectat a aquest lloc web.<\/p>\n<p>Amb qui compartim les vostres dades<br \/>\nSi sol\u00b7liciteu un restabliment de la contrasenya, la vostra adre\u00e7a IP s&#8217;inclour\u00e0 al correu electr\u00f2nic de restabliment.<\/p>\n<h3>Quant de temps conservem les vostres dades<\/h3>\n<p>Si deixeu un comentari, el comentari i les seves metadades es conservaran indefinidament. Aix\u00f2 \u00e9s aix\u00ed perqu\u00e8 puguem recon\u00e8ixer i aprovar autom\u00e0ticament qualsevol comentari de seguiment en lloc de mantenir-los en una cua de moderaci\u00f3.<\/p>\n<p>Per als usuaris que es registren al nostre lloc web (si n&#8217;hi ha cap), tamb\u00e9 emmagatzemem la informaci\u00f3 personal que proporcionen al vostre perfil d&#8217;usuari. Tots els usuaris poden veure, editar o suprimir la vostra informaci\u00f3 personal en qualsevol moment (excepte que no poden canviar el vostre nom d&#8217;usuari). Els administradors de llocs web tamb\u00e9 poden veure i editar aquesta informaci\u00f3.<\/p>\n<h3>Quins drets teniu sobre les vostres dades<\/h3>\n<p>Si teniu un compte en aquest lloc o heu deixat comentaris, podeu demanar rebre un arxiu exportat de les dades personals que tenim sobre vost\u00e8, incloses les dades que ens hagi proporcionat. Tamb\u00e9 podeu sol\u00b7licitar que esborrem les dades personals que posse\u00efm sobre vost\u00e8. Aix\u00f2 no inclou cap dada que estiguem obligats a conservar per motius administratius, legals o de seguretat.<\/p>\n<h3>On enviem les vostres dades<\/h3>\n<p>Es poden revisar els comentaris dels visitants mitjan\u00e7ant un servei de detecci\u00f3 autom\u00e0tica de correu brossa.[\/vc_column_text][\/vc_column][\/vc_row]\n","protected":false},"excerpt":{"rendered":"<p>[vc_row type=&#8221;in_container&#8221; full_screen_row_position=&#8221;middle&#8221; column_margin=&#8221;default&#8221; column_direction=&#8221;default&#8221; column_direction_tablet=&#8221;default&#8221; column_direction_phone=&#8221;default&#8221; scene_position=&#8221;center&#8221; text_color=&#8221;dark&#8221; text_align=&#8221;left&#8221; row_border_radius=&#8221;none&#8221; row_border_radius_applies=&#8221;bg&#8221; overflow=&#8221;visible&#8221; overlay_strength=&#8221;0.3&#8243; gradient_direction=&#8221;left_to_right&#8221; shape_divider_position=&#8221;bottom&#8221; bg_image_animation=&#8221;none&#8221;][vc_column column_padding=&#8221;no-extra-padding&#8221; column_padding_tablet=&#8221;inherit&#8221; column_padding_phone=&#8221;inherit&#8221; column_padding_position=&#8221;all&#8221; column_element_direction_desktop=&#8221;default&#8221; column_element_spacing=&#8221;default&#8221; desktop_text_alignment=&#8221;default&#8221; tablet_text_alignment=&#8221;default&#8221; phone_text_alignment=&#8221;default&#8221; background_color_opacity=&#8221;1&#8243; background_hover_color_opacity=&#8221;1&#8243; column_backdrop_filter=&#8221;none&#8221; column_shadow=&#8221;none&#8221;&#8230;<\/p>\n","protected":false},"author":1,"featured_media":0,"parent":0,"menu_order":0,"comment_status":"closed","ping_status":"open","template":"","meta":{"inline_featured_image":false,"footnotes":""},"class_list":["post-2040","page","type-page","status-publish"],"yoast_head":"<!-- This site is optimized with the Yoast SEO plugin v26.9 - https:\/\/yoast.com\/product\/yoast-seo-wordpress\/ -->\n<title>Pol\u00edtica de privadesa - La Tetera Taronja<\/title>\n<meta name=\"robots\" content=\"noindex, nofollow\" \/>\n<meta property=\"og:locale\" content=\"ca_ES\" \/>\n<meta property=\"og:type\" content=\"article\" \/>\n<meta property=\"og:title\" content=\"Pol\u00edtica de privadesa - La Tetera Taronja\" \/>\n<meta property=\"og:description\" content=\"[vc_row type=&#8221;in_container&#8221; full_screen_row_position=&#8221;middle&#8221; column_margin=&#8221;default&#8221; column_direction=&#8221;default&#8221; column_direction_tablet=&#8221;default&#8221; column_direction_phone=&#8221;default&#8221; scene_position=&#8221;center&#8221; text_color=&#8221;dark&#8221; text_align=&#8221;left&#8221; row_border_radius=&#8221;none&#8221; row_border_radius_applies=&#8221;bg&#8221; overflow=&#8221;visible&#8221; overlay_strength=&#8221;0.3&#8243; gradient_direction=&#8221;left_to_right&#8221; shape_divider_position=&#8221;bottom&#8221; bg_image_animation=&#8221;none&#8221;][vc_column column_padding=&#8221;no-extra-padding&#8221; column_padding_tablet=&#8221;inherit&#8221; column_padding_phone=&#8221;inherit&#8221; column_padding_position=&#8221;all&#8221; column_element_direction_desktop=&#8221;default&#8221; column_element_spacing=&#8221;default&#8221; desktop_text_alignment=&#8221;default&#8221; tablet_text_alignment=&#8221;default&#8221; phone_text_alignment=&#8221;default&#8221; background_color_opacity=&#8221;1&#8243; background_hover_color_opacity=&#8221;1&#8243; column_backdrop_filter=&#8221;none&#8221; column_shadow=&#8221;none&#8221;...\" \/>\n<meta property=\"og:url\" content=\"https:\/\/www.lateterataronja.net\/ca\/politica-de-privadesa\/\" \/>\n<meta property=\"og:site_name\" content=\"La Tetera Taronja\" \/>\n<meta property=\"article:modified_time\" content=\"2026-02-05T15:44:51+00:00\" \/>\n<meta name=\"twitter:card\" content=\"summary_large_image\" \/>\n<meta name=\"twitter:label1\" content=\"Temps estimat de lectura\" \/>\n\t<meta name=\"twitter:data1\" content=\"3 minuts\" \/>\n<script type=\"application\/ld+json\" class=\"yoast-schema-graph\">{\"@context\":\"https:\/\/schema.org\",\"@graph\":[{\"@type\":\"WebPage\",\"@id\":\"https:\/\/www.lateterataronja.net\/ca\/politica-de-privadesa\/\",\"url\":\"https:\/\/www.lateterataronja.net\/ca\/politica-de-privadesa\/\",\"name\":\"Pol\u00edtica de privadesa - La Tetera Taronja\",\"isPartOf\":{\"@id\":\"https:\/\/www.lateterataronja.net\/ca\/#website\"},\"datePublished\":\"2021-04-07T10:58:45+00:00\",\"dateModified\":\"2026-02-05T15:44:51+00:00\",\"breadcrumb\":{\"@id\":\"https:\/\/www.lateterataronja.net\/ca\/politica-de-privadesa\/#breadcrumb\"},\"inLanguage\":\"ca\",\"potentialAction\":[{\"@type\":\"ReadAction\",\"target\":[\"https:\/\/www.lateterataronja.net\/ca\/politica-de-privadesa\/\"]}]},{\"@type\":\"BreadcrumbList\",\"@id\":\"https:\/\/www.lateterataronja.net\/ca\/politica-de-privadesa\/#breadcrumb\",\"itemListElement\":[{\"@type\":\"ListItem\",\"position\":1,\"name\":\"Portada\",\"item\":\"https:\/\/www.lateterataronja.net\/ca\/\"},{\"@type\":\"ListItem\",\"position\":2,\"name\":\"Pol\u00edtica de privadesa\"}]},{\"@type\":\"WebSite\",\"@id\":\"https:\/\/www.lateterataronja.net\/ca\/#website\",\"url\":\"https:\/\/www.lateterataronja.net\/ca\/\",\"name\":\"La Tetera Taronja\",\"description\":\"Estudi de disseny\",\"publisher\":{\"@id\":\"https:\/\/www.lateterataronja.net\/ca\/#organization\"},\"potentialAction\":[{\"@type\":\"SearchAction\",\"target\":{\"@type\":\"EntryPoint\",\"urlTemplate\":\"https:\/\/www.lateterataronja.net\/ca\/?s={search_term_string}\"},\"query-input\":{\"@type\":\"PropertyValueSpecification\",\"valueRequired\":true,\"valueName\":\"search_term_string\"}}],\"inLanguage\":\"ca\"},{\"@type\":\"Organization\",\"@id\":\"https:\/\/www.lateterataronja.net\/ca\/#organization\",\"name\":\"La Tetera Taronja\",\"url\":\"https:\/\/www.lateterataronja.net\/ca\/\",\"logo\":{\"@type\":\"ImageObject\",\"inLanguage\":\"ca\",\"@id\":\"https:\/\/www.lateterataronja.net\/ca\/#\/schema\/logo\/image\/\",\"url\":\"https:\/\/www.lateterataronja.net\/wp-content\/uploads\/2024\/12\/simbol_tt.svg\",\"contentUrl\":\"https:\/\/www.lateterataronja.net\/wp-content\/uploads\/2024\/12\/simbol_tt.svg\",\"width\":1,\"height\":1,\"caption\":\"La Tetera Taronja\"},\"image\":{\"@id\":\"https:\/\/www.lateterataronja.net\/ca\/#\/schema\/logo\/image\/\"}}]}<\/script>\n<!-- \/ Yoast SEO plugin. -->","yoast_head_json":{"title":"Pol\u00edtica de privadesa - La Tetera Taronja","robots":{"index":"noindex","follow":"nofollow"},"og_locale":"ca_ES","og_type":"article","og_title":"Pol\u00edtica de privadesa - La Tetera Taronja","og_description":"[vc_row type=&#8221;in_container&#8221; full_screen_row_position=&#8221;middle&#8221; column_margin=&#8221;default&#8221; column_direction=&#8221;default&#8221; column_direction_tablet=&#8221;default&#8221; column_direction_phone=&#8221;default&#8221; scene_position=&#8221;center&#8221; text_color=&#8221;dark&#8221; text_align=&#8221;left&#8221; row_border_radius=&#8221;none&#8221; row_border_radius_applies=&#8221;bg&#8221; overflow=&#8221;visible&#8221; overlay_strength=&#8221;0.3&#8243; gradient_direction=&#8221;left_to_right&#8221; shape_divider_position=&#8221;bottom&#8221; bg_image_animation=&#8221;none&#8221;][vc_column column_padding=&#8221;no-extra-padding&#8221; column_padding_tablet=&#8221;inherit&#8221; column_padding_phone=&#8221;inherit&#8221; column_padding_position=&#8221;all&#8221; column_element_direction_desktop=&#8221;default&#8221; column_element_spacing=&#8221;default&#8221; desktop_text_alignment=&#8221;default&#8221; tablet_text_alignment=&#8221;default&#8221; phone_text_alignment=&#8221;default&#8221; background_color_opacity=&#8221;1&#8243; background_hover_color_opacity=&#8221;1&#8243; column_backdrop_filter=&#8221;none&#8221; column_shadow=&#8221;none&#8221;...","og_url":"https:\/\/www.lateterataronja.net\/ca\/politica-de-privadesa\/","og_site_name":"La Tetera Taronja","article_modified_time":"2026-02-05T15:44:51+00:00","twitter_card":"summary_large_image","twitter_misc":{"Temps estimat de lectura":"3 minuts"},"schema":{"@context":"https:\/\/schema.org","@graph":[{"@type":"WebPage","@id":"https:\/\/www.lateterataronja.net\/ca\/politica-de-privadesa\/","url":"https:\/\/www.lateterataronja.net\/ca\/politica-de-privadesa\/","name":"Pol\u00edtica de privadesa - La Tetera Taronja","isPartOf":{"@id":"https:\/\/www.lateterataronja.net\/ca\/#website"},"datePublished":"2021-04-07T10:58:45+00:00","dateModified":"2026-02-05T15:44:51+00:00","breadcrumb":{"@id":"https:\/\/www.lateterataronja.net\/ca\/politica-de-privadesa\/#breadcrumb"},"inLanguage":"ca","potentialAction":[{"@type":"ReadAction","target":["https:\/\/www.lateterataronja.net\/ca\/politica-de-privadesa\/"]}]},{"@type":"BreadcrumbList","@id":"https:\/\/www.lateterataronja.net\/ca\/politica-de-privadesa\/#breadcrumb","itemListElement":[{"@type":"ListItem","position":1,"name":"Portada","item":"https:\/\/www.lateterataronja.net\/ca\/"},{"@type":"ListItem","position":2,"name":"Pol\u00edtica de privadesa"}]},{"@type":"WebSite","@id":"https:\/\/www.lateterataronja.net\/ca\/#website","url":"https:\/\/www.lateterataronja.net\/ca\/","name":"La Tetera Taronja","description":"Estudi de disseny","publisher":{"@id":"https:\/\/www.lateterataronja.net\/ca\/#organization"},"potentialAction":[{"@type":"SearchAction","target":{"@type":"EntryPoint","urlTemplate":"https:\/\/www.lateterataronja.net\/ca\/?s={search_term_string}"},"query-input":{"@type":"PropertyValueSpecification","valueRequired":true,"valueName":"search_term_string"}}],"inLanguage":"ca"},{"@type":"Organization","@id":"https:\/\/www.lateterataronja.net\/ca\/#organization","name":"La Tetera Taronja","url":"https:\/\/www.lateterataronja.net\/ca\/","logo":{"@type":"ImageObject","inLanguage":"ca","@id":"https:\/\/www.lateterataronja.net\/ca\/#\/schema\/logo\/image\/","url":"https:\/\/www.lateterataronja.net\/wp-content\/uploads\/2024\/12\/simbol_tt.svg","contentUrl":"https:\/\/www.lateterataronja.net\/wp-content\/uploads\/2024\/12\/simbol_tt.svg","width":1,"height":1,"caption":"La Tetera Taronja"},"image":{"@id":"https:\/\/www.lateterataronja.net\/ca\/#\/schema\/logo\/image\/"}}]}},"_links":{"self":[{"href":"https:\/\/www.lateterataronja.net\/ca\/wp-json\/wp\/v2\/pages\/2040","targetHints":{"allow":["GET"]}}],"collection":[{"href":"https:\/\/www.lateterataronja.net\/ca\/wp-json\/wp\/v2\/pages"}],"about":[{"href":"https:\/\/www.lateterataronja.net\/ca\/wp-json\/wp\/v2\/types\/page"}],"author":[{"embeddable":true,"href":"https:\/\/www.lateterataronja.net\/ca\/wp-json\/wp\/v2\/users\/1"}],"replies":[{"embeddable":true,"href":"https:\/\/www.lateterataronja.net\/ca\/wp-json\/wp\/v2\/comments?post=2040"}],"version-history":[{"count":5,"href":"https:\/\/www.lateterataronja.net\/ca\/wp-json\/wp\/v2\/pages\/2040\/revisions"}],"predecessor-version":[{"id":2130,"href":"https:\/\/www.lateterataronja.net\/ca\/wp-json\/wp\/v2\/pages\/2040\/revisions\/2130"}],"wp:attachment":[{"href":"https:\/\/www.lateterataronja.net\/ca\/wp-json\/wp\/v2\/media?parent=2040"}],"curies":[{"name":"wp","href":"https:\/\/api.w.org\/{rel}","templated":true}]}}